{"id":74202,"date":"2018-09-26T17:26:32","date_gmt":"2018-09-26T20:26:32","guid":{"rendered":"https:\/\/iulianocooreman.com.ar\/es\/?page_id=74202"},"modified":"2018-09-26T17:26:32","modified_gmt":"2018-09-26T20:26:32","slug":"nuestros-servicios","status":"publish","type":"page","link":"https:\/\/ic.tecnopc.com.ar\/index.php\/nuestros-servicios\/","title":{"rendered":"Nuestros servicios"},"content":{"rendered":"<p>[vc_row full_height=&#8221;yes&#8221; dt_no_mb=&#8221;no-margin&#8221; bg_color=&#8221;#ffffff&#8221; dt_color_opacity=&#8221;100&#8243; dt_padding_top=&#8221;100&#8243; dt_padding_bottom=&#8221;100&#8243; bg_image=&#8221;74163&#8243;][vc_column][dt-space height=&#8221;60&#8243;][\/vc_column][\/vc_row][vc_row bg_image=&#8221;74225&#8243;][vc_column][dt-section-title title=&#8221;Nuestros Servicios&#8221; subtitle=&#8221;Nuestra especializaci\u00f3n en Tributaci\u00f3n, Auditor\u00eda y Consultor\u00eda, sumado al compromiso contante de nuestros profesionales, nos permiten brindar un servicio integral a nuestros clientes&#8221;][\/vc_column][\/vc_row][vc_row bg_image=&#8221;74163&#8243;][vc_column][dt-space height=&#8221;60&#8243;][dt-section-title title=&#8221;IMPUESTOS INTERNACIONALES&#8221;][\/vc_column][\/vc_row][vc_row][vc_column][vc_row_inner][vc_column_inner][vc_column_text]<\/p>\n<ul>\n<li>Asesoramiento Integral en Renta Mundial.<\/li>\n<li>Planificaci\u00f3n en tributaci\u00f3n Internacional.<\/li>\n<li>Aplicaci\u00f3n de Convenios para Evitar la Doble Imposici\u00f3n.<\/li>\n<li>An\u00e1lisis a medida de acuerdos bilaterales y multilaterales de intercambio de informaci\u00f3n fiscal.<\/li>\n<li>Asesoramiento tributario para no residentes.<\/li>\n<li>Consultor\u00eda tributaria en estructuras multinacionales.<\/li>\n<\/ul>\n<p>[\/vc_column_text][\/vc_column_inner][\/vc_row_inner][\/vc_column][\/vc_row]<\/p>\n","protected":false},"excerpt":{"rendered":"<p>[vc_row full_height=&#8221;yes&#8221; dt_no_mb=&#8221;no-margin&#8221; bg_color=&#8221;#ffffff&#8221; dt_color_opacity=&#8221;100&#8243; dt_padding_top=&#8221;100&#8243; dt_padding_bottom=&#8221;100&#8243; bg_image=&#8221;74163&#8243;][vc_column][dt-space height=&#8221;60&#8243;][\/vc_column][\/vc_row][vc_row bg_image=&#8221;74225&#8243;][vc_column][dt-section-title title=&#8221;Nuestros Servicios&#8221; subtitle=&#8221;Nuestra especializaci\u00f3n en Tributaci\u00f3n, Auditor\u00eda y Consultor\u00eda, sumado al compromiso contante de nuestros profesionales, nos permiten brindar un servicio integral a nuestros clientes&#8221;][\/vc_column][\/vc_row][vc_row bg_image=&#8221;74163&#8243;][vc_column][dt-space height=&#8221;60&#8243;][dt-section-title title=&#8221;IMPUESTOS INTERNACIONALES&#8221;][\/vc_column][\/vc_row][vc_row][vc_column][vc_row_inner][vc_column_inner][vc_column_text] Asesoramiento Integral en Renta Mundial. Planificaci\u00f3n en tributaci\u00f3n Internacional. Aplicaci\u00f3n de Convenios para Evitar la Doble [&hellip;]<\/p>\n","protected":false},"author":1,"featured_media":0,"parent":0,"menu_order":0,"comment_status":"closed","ping_status":"closed","template":"template-homepage.php","meta":{"footnotes":""},"class_list":["post-74202","page","type-page","status-publish","hentry"],"_links":{"self":[{"href":"https:\/\/ic.tecnopc.com.ar\/index.php\/wp-json\/wp\/v2\/pages\/74202","targetHints":{"allow":["GET"]}}],"collection":[{"href":"https:\/\/ic.tecnopc.com.ar\/index.php\/wp-json\/wp\/v2\/pages"}],"about":[{"href":"https:\/\/ic.tecnopc.com.ar\/index.php\/wp-json\/wp\/v2\/types\/page"}],"author":[{"embeddable":true,"href":"https:\/\/ic.tecnopc.com.ar\/index.php\/wp-json\/wp\/v2\/users\/1"}],"replies":[{"embeddable":true,"href":"https:\/\/ic.tecnopc.com.ar\/index.php\/wp-json\/wp\/v2\/comments?post=74202"}],"version-history":[{"count":0,"href":"https:\/\/ic.tecnopc.com.ar\/index.php\/wp-json\/wp\/v2\/pages\/74202\/revisions"}],"wp:attachment":[{"href":"https:\/\/ic.tecnopc.com.ar\/index.php\/wp-json\/wp\/v2\/media?parent=74202"}],"curies":[{"name":"wp","href":"https:\/\/api.w.org\/{rel}","templated":true}]}}