{"id":74236,"date":"2018-09-26T18:11:02","date_gmt":"2018-09-26T21:11:02","guid":{"rendered":"https:\/\/iulianocooreman.com.ar\/es\/?page_id=74236"},"modified":"2018-09-26T18:11:02","modified_gmt":"2018-09-26T21:11:02","slug":"servicios-integrales","status":"publish","type":"page","link":"https:\/\/ic.tecnopc.com.ar\/index.php\/servicios-integrales\/","title":{"rendered":"Servicios Profesionales Integrados"},"content":{"rendered":"<p>[vc_row dt_text_scheme=&#8221;darker-overlay&#8221; dt_id=&#8221;impuestos&#8221;][vc_column][dt-space height=&#8221;30&#8243;][vc_row_inner][vc_column_inner][dt-section-title title=&#8221;Servicios Profesionales Integrados&#8221; subtitle=&#8221;Nuestra especializaci\u00f3n en Tributaci\u00f3n, Auditor\u00eda y Consultor\u00eda Estrat\u00e9gica, sumado al compromiso constante de nuestros profesionales, nos permite brindar asesoramiento de excelencia a nuestros clientes.&#8221;][dt-space height=&#8221;30&#8243;][\/vc_column_inner][\/vc_row_inner][\/vc_column][\/vc_row][vc_row dt_text_scheme=&#8221;darker-overlay&#8221; bg_image=&#8221;222&#8243;][vc_column][dt-space height=&#8221;40&#8243;][dt-section-title title=&#8221;IMPUESTOS&#8221;][\/vc_column][\/vc_row][vc_row][vc_column][vc_row_inner][vc_column_inner][vc_column_text]<\/p>\n<ul>\n<li><span style=\"font-family: verdana, geneva, sans-serif;\">Asesoramiento Impositivo<\/span><\/li>\n<li><span style=\"font-family: verdana, geneva, sans-serif;\">Planificaci\u00f3n y Estrategia Tributaria<\/span><\/li>\n<li><span style=\"font-family: verdana, geneva, sans-serif;\">An\u00e1lisis de Impacto Fiscal en Negocios e Inversiones<\/span><\/li>\n<li><span style=\"font-family: verdana, geneva, sans-serif;\">Asesoramiento Tributario en Comercio Exterior<\/span><\/li>\n<li><span style=\"font-family: verdana, geneva, sans-serif;\">Balances Impositivos Generales y Especiales<\/span><\/li>\n<li><span style=\"font-family: verdana, geneva, sans-serif;\">Proyecciones de Impuestos<\/span><\/li>\n<li><span style=\"font-family: verdana, geneva, sans-serif;\">Due Diligence Impositivo y Previsional en Adquisiciones y Fusiones<\/span><\/li>\n<li><span style=\"font-family: verdana, geneva, sans-serif;\">Asesoramiento en Precios de Transferencia<\/span><\/li>\n<li><span style=\"font-family: verdana, geneva, sans-serif;\">Atenci\u00f3n de Inspecciones<\/span><\/li>\n<li><span style=\"font-family: verdana, geneva, sans-serif;\">Asesoramiento en Derecho Penal Tributario, Aduanero y Cambiario<\/span><\/li>\n<li><span style=\"font-family: verdana, geneva, sans-serif;\">Asistencia y Asesoramiento en Allanamientos, Multas, Clausuras y dem\u00e1s sanciones de AFIP, ARBA y AGIP<\/span><\/li>\n<\/ul>\n<p>[\/vc_column_text][\/vc_column_inner][\/vc_row_inner][\/vc_column][\/vc_row][vc_row dt_text_scheme=&#8221;darker-overlay&#8221; bg_image=&#8221;222&#8243; dt_id=&#8221;IMPUESTOS-INTERNACIONALES&#8221;][vc_column][dt-space height=&#8221;40&#8243;][dt-section-title title=&#8221;IMPUESTOS INTERNACIONALES&#8221;][\/vc_column][\/vc_row][vc_row][vc_column][vc_row_inner][vc_column_inner][vc_column_text]<\/p>\n<ul>\n<li><span style=\"font-family: verdana, geneva, sans-serif;\">Asesoramiento Integral en Renta Mundial<\/span><\/li>\n<li><span style=\"font-family: verdana, geneva, sans-serif;\">Planificaci\u00f3n en Tributaci\u00f3n Internacional<\/span><\/li>\n<li><span style=\"font-family: verdana, geneva, sans-serif;\">Aplicaci\u00f3n de Convenios para Evitar la Doble Imposici\u00f3n<\/span><\/li>\n<li><span style=\"font-family: verdana, geneva, sans-serif;\">An\u00e1lisis a Medida de Acuerdos Bilaterales y Multilaterales de Intercambio de\u00a0<\/span><span style=\"font-family: verdana, geneva, sans-serif;\">Informaci\u00f3n Fiscal<\/span><\/li>\n<li><span style=\"font-family: verdana, geneva, sans-serif;\">Asesoramiento Tributario para No Residentes<\/span><\/li>\n<li><span style=\"font-family: verdana, geneva, sans-serif;\">Consultor\u00eda Tributaria en Estructuras Multinacionales<\/span><\/li>\n<\/ul>\n<p>[\/vc_column_text][vc_column_text][\/vc_column_text][\/vc_column_inner][\/vc_row_inner][\/vc_column][\/vc_row][vc_row dt_text_scheme=&#8221;darker-overlay&#8221; bg_image=&#8221;74080&#8243; dt_id=&#8221;NUEVOS-NEGOCIOS&#8221;][vc_column][dt-space height=&#8221;40&#8243;][dt-section-title title=&#8221;NUEVOS NEGOCIOS&#8221;][\/vc_column][\/vc_row][vc_row][vc_column][vc_row_inner][vc_column_inner][vc_column_text]<\/p>\n<ul>\n<li>Organizaci\u00f3n de Negocios<\/li>\n<li>Planificaci\u00f3n Estrat\u00e9gica<\/li>\n<li>An\u00e1lisis de Proyectos<\/li>\n<li>Negociaciones con Entidades<\/li>\n<li>Radicaci\u00f3n de Capitales<\/li>\n<li>Armado y Reconducci\u00f3n de Negocios<\/li>\n<li>Ronda de Inversores<\/li>\n<li>Asociatividad Empresaria<\/li>\n<\/ul>\n<p>[\/vc_column_text][\/vc_column_inner][\/vc_row_inner][\/vc_column][\/vc_row][vc_row dt_text_scheme=&#8221;darker-overlay&#8221; bg_image=&#8221;74080&#8243; dt_id=&#8221;EMPRESAS-CRISIS&#8221;][vc_column][dt-space height=&#8221;40&#8243;][dt-section-title title=&#8221;EMPRESAS EN CRISIS&#8221;][\/vc_column][\/vc_row][vc_row][vc_column][vc_row_inner][vc_column_inner][vc_column_text]<\/p>\n<ul>\n<li>Asesoramiento en Subastas y Remates<\/li>\n<li>Dise\u00f1o y Ejecuci\u00f3n de Estrategias de Crisis<\/li>\n<li>Renegociaci\u00f3n de Pasivos Complejos:\n<ul style=\"list-style-type: square;\">\n<li>Impositivos<\/li>\n<li>Bancarios y Financieros<\/li>\n<li>Comerciales<\/li>\n<li>Laborales<\/li>\n<li>Avales y Garant\u00eda<\/li>\n<\/ul>\n<\/li>\n<li>Acuerdos Privados de Acreedores<\/li>\n<li>Concursos y Quiebras<\/li>\n<li>Reorganizaci\u00f3n y Reestructuraci\u00f3n de Negocios<\/li>\n<li>Intervenci\u00f3n en Conflictos<\/li>\n<li>Estrategia de Protecci\u00f3n de Activos<\/li>\n<\/ul>\n<p>[\/vc_column_text][\/vc_column_inner][\/vc_row_inner][\/vc_column][\/vc_row][vc_row dt_text_scheme=&#8221;darker-overlay&#8221; bg_image=&#8221;74080&#8243; dt_id=&#8221;CONTABILIDAD&#8221;][vc_column][dt-space height=&#8221;40&#8243;][dt-section-title title=&#8221;CONTABILIDAD Y FINANZAS&#8221;][\/vc_column][\/vc_row][vc_row][vc_column][vc_row_inner][vc_column_inner][vc_column_text]<\/p>\n<ul>\n<li>Confecci\u00f3n de Estados Contables, Anexos y Notas<\/li>\n<li>Informes Contables de Gesti\u00f3n para la Toma de Decisiones<\/li>\n<li>Proyecciones Constantes sobre la Marcha de la Empresa<\/li>\n<li>Certificaciones Contables<\/li>\n<li>Presupuesto Econ\u00f3mico Financiero<\/li>\n<li>An\u00e1lisis de Alternativas de Financiamiento<\/li>\n<li>Herramientas Econ\u00f3micas y Financieras para An\u00e1lisis de Proyectos<\/li>\n<li>Reporte de \u00cdndices Financieros y Econ\u00f3micos<\/li>\n<\/ul>\n<p>[\/vc_column_text][\/vc_column_inner][\/vc_row_inner][\/vc_column][\/vc_row][vc_row dt_text_scheme=&#8221;darker-overlay&#8221; bg_image=&#8221;74080&#8243; dt_id=&#8221;AUDITORIA&#8221;][vc_column][dt-space height=&#8221;40&#8243;][dt-section-title title=&#8221;AUDITORIA&#8221;][\/vc_column][\/vc_row][vc_row][vc_column][vc_row_inner][vc_column_inner][vc_column_text]<\/p>\n<ul>\n<li>Auditoria de Estados Contables bajo Normas Locales e Internacionales<\/li>\n<li>Auditor\u00eda y Validaci\u00f3n de Sistemas Contables<\/li>\n<li>Auditor\u00eda de Procesos Contables<\/li>\n<li>Verificaci\u00f3n de Procesos Internos<\/li>\n<li>Consultor\u00eda en Niveles de Responsabilidad<\/li>\n<li>Auditor\u00eda de Controles y Vulnerabilidad de Sistemas Integrados<\/li>\n<li>Determinaci\u00f3n de Alarmas<\/li>\n<li>Consultor\u00eda sobre Paneles de Control Interno<\/li>\n<\/ul>\n<p>[\/vc_column_text][\/vc_column_inner][\/vc_row_inner][\/vc_column][\/vc_row][vc_row dt_text_scheme=&#8221;darker-overlay&#8221; bg_image=&#8221;74080&#8243; dt_id=&#8221;LEGALES&#8221;][vc_column][dt-space height=&#8221;40&#8243;][dt-section-title title=&#8221;CONTRATOS Y SOCIEDADES&#8221;][\/vc_column][\/vc_row][vc_row][vc_column][vc_row_inner][vc_column_inner][vc_column_text]<\/p>\n<ul>\n<li>Constituci\u00f3n e Inscripci\u00f3n de Sociedades Comerciales<\/li>\n<li>Contratos de Fideicomiso<\/li>\n<li>Aspectos Contractuales y Societarios<\/li>\n<li>Inscripciones ante la IGJ, DPJ\u00a0y GCBA<\/li>\n<li>Consultor\u00eda en Reorganizaciones Societarias<\/li>\n<li>Due Diligence Societario<\/li>\n<li>Asesoramiento en Contestaci\u00f3n de Demandas<\/li>\n<li>Acuerdos de Mediaci\u00f3n<\/li>\n<li>Estrategia Societaria e Integral<\/li>\n<li>Asesoramiento en Registro de Marcas<\/li>\n<li>Estructuraci\u00f3n de Franquicias y Master Franquicias<\/li>\n<\/ul>\n<p>[\/vc_column_text][\/vc_column_inner][\/vc_row_inner][\/vc_column][\/vc_row][vc_row dt_text_scheme=&#8221;darker-overlay&#8221; bg_image=&#8221;74080&#8243; dt_id=&#8221;PYMES&#8221;][vc_column][dt-space height=&#8221;40&#8243;][dt-section-title title=&#8221;PYMES&#8221;][\/vc_column][\/vc_row][vc_row][vc_column][vc_row_inner][vc_column_inner][vc_column_text]<\/p>\n<ul>\n<li>Asesoramiento y Gesti\u00f3n de Beneficios Ley PYME<\/li>\n<li>Solicitud y Renovaci\u00f3n de Certificado PYME<\/li>\n<li>An\u00e1lisis de Sistemas de Gesti\u00f3n y Control<\/li>\n<li>Asesoramiento a Gerencia y Empresas Familiares<\/li>\n<li>Elaboraci\u00f3n de informes a requerimiento del Empresario PYME<\/li>\n<li>Estrategia Tributaria vinculada a Beneficios Impositivos<\/li>\n<\/ul>\n<p>[\/vc_column_text][\/vc_column_inner][\/vc_row_inner][\/vc_column][\/vc_row][vc_row dt_text_scheme=&#8221;darker-overlay&#8221; bg_image=&#8221;74080&#8243; dt_id=&#8221;RRHH&#8221;][vc_column][dt-space height=&#8221;40&#8243;][dt-section-title title=&#8221;RECURSOS HUMANOS&#8221;][\/vc_column][\/vc_row][vc_row][vc_column][vc_row_inner][vc_column_inner][vc_column_text]<\/p>\n<ul>\n<li>Liquidaci\u00f3n de Sueldos y Jornales<\/li>\n<li>Armado de Legajos del Personal<\/li>\n<li>Asesoramiento en Contrataci\u00f3n de Seguros Obligatorios<\/li>\n<li>An\u00e1lisis de Convenios Colectivos de Trabajo<\/li>\n<li>Asesoramiento en Requerimientos de Entes Nacionales y Sindicales<\/li>\n<li>Evaluaci\u00f3n de Personal a Contratar<\/li>\n<li>Asesoramiento en Procedimiento de Altas<\/li>\n<li>Selecci\u00f3n y Capacitaci\u00f3n de Personal<\/li>\n<li>Liquidaci\u00f3n de Cargas Sociales<\/li>\n<li>Actualizaci\u00f3n de Escalas Salariales<\/li>\n<li>Gesti\u00f3n de Liquidaciones Finales y Desvinculaciones Laborales<\/li>\n<li>Asesoramiento en Retenciones de Impuesto a las Ganancias Cuarta Categor\u00eda<\/li>\n<li>Contestaci\u00f3n de Cartas Documento<\/li>\n<li>Generaci\u00f3n de Reportes a Requerimiento de la Gerencia<\/li>\n<li>\u00cdndices de Rotaci\u00f3n<\/li>\n<\/ul>\n<p>[\/vc_column_text][\/vc_column_inner][\/vc_row_inner][\/vc_column][\/vc_row]<\/p>\n","protected":false},"excerpt":{"rendered":"<p>[vc_row dt_text_scheme=&#8221;darker-overlay&#8221; dt_id=&#8221;impuestos&#8221;][vc_column][dt-space height=&#8221;30&#8243;][vc_row_inner][vc_column_inner][dt-section-title title=&#8221;Servicios Profesionales Integrados&#8221; subtitle=&#8221;Nuestra especializaci\u00f3n en Tributaci\u00f3n, Auditor\u00eda y Consultor\u00eda Estrat\u00e9gica, sumado al compromiso constante de nuestros profesionales, nos permite brindar asesoramiento de excelencia a nuestros clientes.&#8221;][dt-space height=&#8221;30&#8243;][\/vc_column_inner][\/vc_row_inner][\/vc_column][\/vc_row][vc_row dt_text_scheme=&#8221;darker-overlay&#8221; bg_image=&#8221;222&#8243;][vc_column][dt-space height=&#8221;40&#8243;][dt-section-title title=&#8221;IMPUESTOS&#8221;][\/vc_column][\/vc_row][vc_row][vc_column][vc_row_inner][vc_column_inner][vc_column_text] Asesoramiento Impositivo Planificaci\u00f3n y Estrategia Tributaria An\u00e1lisis de Impacto Fiscal en Negocios e Inversiones Asesoramiento Tributario en Comercio Exterior [&hellip;]<\/p>\n","protected":false},"author":1,"featured_media":0,"parent":0,"menu_order":0,"comment_status":"closed","ping_status":"closed","template":"template-homepage.php","meta":{"footnotes":""},"class_list":["post-74236","page","type-page","status-publish","hentry"],"_links":{"self":[{"href":"https:\/\/ic.tecnopc.com.ar\/index.php\/wp-json\/wp\/v2\/pages\/74236","targetHints":{"allow":["GET"]}}],"collection":[{"href":"https:\/\/ic.tecnopc.com.ar\/index.php\/wp-json\/wp\/v2\/pages"}],"about":[{"href":"https:\/\/ic.tecnopc.com.ar\/index.php\/wp-json\/wp\/v2\/types\/page"}],"author":[{"embeddable":true,"href":"https:\/\/ic.tecnopc.com.ar\/index.php\/wp-json\/wp\/v2\/users\/1"}],"replies":[{"embeddable":true,"href":"https:\/\/ic.tecnopc.com.ar\/index.php\/wp-json\/wp\/v2\/comments?post=74236"}],"version-history":[{"count":0,"href":"https:\/\/ic.tecnopc.com.ar\/index.php\/wp-json\/wp\/v2\/pages\/74236\/revisions"}],"wp:attachment":[{"href":"https:\/\/ic.tecnopc.com.ar\/index.php\/wp-json\/wp\/v2\/media?parent=74236"}],"curies":[{"name":"wp","href":"https:\/\/api.w.org\/{rel}","templated":true}]}}