{"id":74313,"date":"2018-09-26T21:18:46","date_gmt":"2018-09-27T00:18:46","guid":{"rendered":"https:\/\/iulianocooreman.com.ar\/es\/?page_id=74313"},"modified":"2018-09-26T21:18:46","modified_gmt":"2018-09-27T00:18:46","slug":"politicas-de-privacidad-y-uso-en-la-pagina-web","status":"publish","type":"page","link":"https:\/\/ic.tecnopc.com.ar\/index.php\/politicas-de-privacidad-y-uso-en-la-pagina-web\/","title":{"rendered":"POLITICAS DE PRIVACIDAD Y USO EN LA PAGINA WEB"},"content":{"rendered":"<p>[vc_row bg_image=&#8221;74336&#8243;][vc_column][dt-space height=&#8221;200&#8243;][dt-section-title title=&#8221;POLITICAS DE PRIVACIDAD Y USO EN LA PAGINA WEB&#8221;][dt-space height=&#8221;80&#8243;][\/vc_column][\/vc_row][vc_row dt_text_scheme=&#8221;darker-overlay&#8221;][vc_column][vc_row_inner][vc_column_inner][dt-space height=&#8221;60&#8243;][vc_column_text]<\/p>\n<h2 style=\"text-align: justify;\"><strong><span style=\"font-family: verdana, geneva, sans-serif; font-size: 18pt;\">Resguardo de Confidencialidad y privacidad<\/span><\/strong><\/h2>\n<p style=\"text-align: justify;\"><span style=\"font-family: verdana, geneva, sans-serif; font-size: 14pt;\">Todo intercambio de informaci\u00f3n con este Estudio, esta amparado por las normas del Secreto Profesional.<\/span><\/p>\n<p style=\"text-align: justify;\"><span style=\"font-family: verdana, geneva, sans-serif; font-size: 14pt;\">1. ESTUDIO IULIANO CONSULTORES est\u00e1 fuertemente comprometido en proteger la privacidad de los consumidores de sus productos y servicios. Queremos contribuir a proveer un entorno seguro y confiable en el ciberespacio para los usuarios. No publicamos listas de clientes, ni utilizamos sus datos en publicidad o promoci\u00f3n alguna.<\/span><\/p>\n<p style=\"text-align: justify;\"><span style=\"font-family: verdana, geneva, sans-serif; font-size: 14pt;\">2. Mientras que esta Pol\u00edtica de Privacidad concierne al sitio de ESTUDIO IULIANO CONSULTORES. con acceso a trav\u00e9s de Internet, como ser Programas o Software nos referiremos s\u00f3lo a El Sitio para hacer la lectura m\u00e1s f\u00e1cil.<\/span><\/p>\n<p style=\"text-align: justify;\"><span style=\"font-family: verdana, geneva, sans-serif; font-size: 14pt;\">3. Datos personales: en nuestro Sitio, le podr\u00e1 ser requerida informaci\u00f3n personal con la finalidad de facilitar su participaci\u00f3n en concursos, sorteos, encuestas; proceder a su suscripci\u00f3n para recibir informaci\u00f3n de las actividades de El Sitio (en cualquier formato); brindarle o recibir sugerencias; y ofrecerle la prestaci\u00f3n de otros servicios en el Sitio.<\/span><\/p>\n<p style=\"text-align: justify;\"><span style=\"font-family: verdana, geneva, sans-serif; font-size: 14pt;\">Asimismo, El Sitio podr\u00eda acceder, mediante la tecnolog\u00eda Cookie a cierta informaci\u00f3n relacionada con el tipo de navegador que Ud. utiliza, sus sistemas operativos, el tipo de computadora utilizada, las secciones de nuestros sitios que Ud. visita, los proveedores de su servicio de Internet y dem\u00e1s informaci\u00f3n similar. Una Cookie no puede leer informaci\u00f3n de su disco r\u00edgido ni leer archivos de Cookies creados por otros sitios. Su navegador puede estar programado para aceptar Cookies. En caso de que no deseara incluir este tipo de informaci\u00f3n puede programar su navegador para rechazar Cookies o para avisarle cuando un sitio intenta enviarle Cookies.<\/span><\/p>\n<p style=\"text-align: justify;\"><span style=\"font-family: verdana, geneva, sans-serif; font-size: 14pt;\">4. Excepci\u00f3n a la reserva de Informaci\u00f3n Personal: Los usuarios de El Sitio entienden y aprueban los procedimientos acerca de la informaci\u00f3n personal en Argentina.<\/span><\/p>\n<p style=\"text-align: justify;\"><span style=\"font-family: verdana, geneva, sans-serif; font-size: 14pt;\">En cumplimiento de nuestras obligaciones legales, su Informaci\u00f3n Personal y\/o cualquier otro tipo de informaci\u00f3n espec\u00edfica sobre Ud. a la que podamos acceder, podr\u00e1 ser revelada a terceros a efectos de cumplir con procedimientos legales, tales como una orden de allanamiento, una citaci\u00f3n judicial, una orden judicial, o bien a requerimiento de autoridades administrativas, que puedan ser considerados v\u00e1lidos bajo las leyes aplicables.<\/span><\/p>\n<p style=\"text-align: justify;\"><span style=\"font-family: verdana, geneva, sans-serif; font-size: 14pt;\">5. Consentimiento: Al utilizar nuestro Sitio, Ud. est\u00e1 manifestando su consentimiento previo, libre, expreso e informado a nuestra Pol\u00edtica de Privacidad y al uso de su Informaci\u00f3n Personal en los t\u00e9rminos de la misma.<\/span><\/p>\n<p style=\"text-align: justify;\"><span style=\"font-family: verdana, geneva, sans-serif; font-size: 14pt;\">6. Cambios a nuestra Pol\u00edtica de Privacidad: El Sitio puede cambiar, de tiempo en tiempo, esta Pol\u00edtica de Privacidad con o sin el lanzamiento de una nueva versi\u00f3n de la p\u00e1gina eldial.com, por lo tanto le pedimos que la revise peri\u00f3dicamente. Pondremos esos cambios en esta p\u00e1gina para que as\u00ed nuestros usuarios est\u00e9n siempre alertas acerca de la informaci\u00f3n que recogemos y de c\u00f3mo la usamos Usted acepta que continuando usando los Servicios e Informaci\u00f3n de El Sitio, y\/o cualquier otro material o servicio brindado por El Sitio, por un per\u00edodo de 30 d\u00edas despu\u00e9s de que la noticia de los cambios ha sido incluida en el sitio Web eldial.com por primera vez, implican su consentimiento a la nueva o revisada Pol\u00edtica de Privacidad. Toda modificaci\u00f3n en relaci\u00f3n al contenido modalidades de pago y precio del servicio ser\u00e1n notificadas por correo electr\u00f3nico.<\/span><\/p>\n<p style=\"text-align: justify;\"><span style=\"font-family: verdana, geneva, sans-serif; font-size: 14pt;\">7. Privacidad de los ni\u00f1os: Debido a que los menores de edad pueden no alcanzar a comprender debidamente todas las estipulaciones de nuestra Pol\u00edtica y sus implicancias, ni decidir v\u00e1lidamente sobre las opciones disponibles para nuestros usuarios adultos, instamos a todos los padres o representantes o adultos bajo cuya supervisi\u00f3n los menores accedan a El Sitio a participar activa y cuidadosamente en las actividades que el menor realice en Internet, a los servicios on-line que utilicen dichos menores, a la informaci\u00f3n a la que estos accedan, ya sea cuando dichos menores visiten El Sitio o cualquier otro sitio de terceros, y a ense\u00f1arles c\u00f3mo proteger su propia Informaci\u00f3n Personal mientras est\u00e9n on-line.<\/span><\/p>\n<p style=\"text-align: justify;\"><span style=\"font-family: verdana, geneva, sans-serif; font-size: 14pt;\">El Sitio ha adoptado las siguientes medidas especiales para proteger la privacidad de sus usuarios menores de 18 a\u00f1os:<\/span><\/p>\n<p style=\"text-align: justify;\"><span style=\"font-family: verdana, geneva, sans-serif; font-size: 14pt;\">Los menores de 18 a\u00f1os no deber\u00e1n remitir a El Sitio ning\u00fan tipo de Informaci\u00f3n Personal sin el previo consentimiento de sus padres o representantes.<\/span><\/p>\n<p style=\"text-align: justify;\"><span style=\"font-family: verdana, geneva, sans-serif; font-size: 14pt;\">Los usuarios menores de 18 a\u00f1os no podr\u00e1n estar registrados en El Sitio por su cuenta, y s\u00f3lo podr\u00e1n ser registrados por sus padres o tutores.<\/span><\/p>\n<p style=\"text-align: justify;\"><span style=\"font-family: verdana, geneva, sans-serif; font-size: 14pt;\">8. Riesgo de uso del sitio: El Usuario reconoce que el uso del sitio, sus productos y\/o servicios y cualquier contenido obtenido a trav\u00e9s del mismo, es bajo su \u00fanico riesgo, siendo su exclusiva responsabilidad el deber de evaluar la exactitud, confiabilidad, amplitud y utilidad de los mismos.<\/span><\/p>\n<p style=\"text-align: justify;\"><span style=\"font-family: verdana, geneva, sans-serif; font-size: 14pt;\">9. Garant\u00eda de responsabilidad: El Sitio no garantiza la aptitud y utilidad de la informaci\u00f3n, software, productos y\/o servicios contenidos en el sitio para ning\u00fan fin o actividad espec\u00edfica. El Sitio excluye toda responsabilidad por los da\u00f1os y perjuicios de toda naturaleza que pudieran originarse con motivo a la defraudaci\u00f3n de la utilidad o expectativa que el Usuario hubiere podido atribuir a los mismos<\/span><\/p>\n<p style=\"text-align: justify;\"><span style=\"font-family: verdana, geneva, sans-serif; font-size: 14pt;\">10. Garant\u00eda de uso: El Sitio no controla la utilizaci\u00f3n que el Usuario hace del sitio, de los servicios ofrecidos y contenidos proporcionados a trav\u00e9s del sitio. El Sitio no garantiza que el Usuario utilice el sitio de acuerdo con el ordenamiento vigente, la moral y las buenas costumbres, las condiciones dispuesta por El Sitio y las Condiciones Particulares que pudieran corresponder respecto de determinados servicios del sitio, ni que lo haga en forma prudente y diligente. El Sitio se excluye cualquier responsabilidad que pudiera corresponder por da\u00f1os y perjuicios de toda naturaleza resultantes de la utilizaci\u00f3n del sitio, sus servicios y contenidos.<\/span><\/p>\n<p style=\"text-align: justify;\"><span style=\"font-family: verdana, geneva, sans-serif; font-size: 14pt;\">11. Responsabilidad por el contenido: El Sitio no garantizan: la precisi\u00f3n, licitud, fiabilidad de la informaci\u00f3n, contenido o anuncios que fueran incluidos, enlazados, distribuidos u obtenidos a trav\u00e9s de cualquiera de los servicios ofrecidos en este sitio Web; ni la calidad y utilidad de los productos, mercanc\u00edas u otros materiales expuestos, adquiridos u obtenidos como resultado de la publicidad o cualquier otro anuncio u oferta efectuada en este sitio Web; ni la calidad, licitud, fiabilidad y utilidad de los servicios que puedan ser contactados en funci\u00f3n de su difusi\u00f3n por medio de este sitio Web. En tal sentido, la confianza depositada en cualquiera de ellos ser\u00e1 responsabilidad \u00fanica de los usuarios y a su propio riesgo.<\/span><\/p>\n<p style=\"text-align: justify;\"><span style=\"font-family: verdana, geneva, sans-serif; font-size: 14pt;\">El Sitio no se responsabilizan impl\u00edcita y expl\u00edcitamente por cualquier da\u00f1o, que se produjera, ya sea directa o indirectamente, con relaci\u00f3n a los contenidos, mercanc\u00edas, servicios u otra informaci\u00f3n distribuida a trav\u00e9s de este sitio Web o Internet en general.<\/span><\/p>\n<p style=\"text-align: justify;\"><span style=\"font-family: verdana, geneva, sans-serif; font-size: 14pt;\">12. Jurisdicci\u00f3n competente y ley aplicable: Cualquier interpretaci\u00f3n y\/o conflicto relacionado con todo o parte de las presentes Pol\u00edticas de Privacidad, o bien sobre el cumplimiento de las mismas por parte de El Sitio, deber\u00e1n ser dirimidos por los Tribunales ordinarios competentes de la Capital Federal, renunciando el usuario o visitante de los El Sitio a cualquier otra jurisdicci\u00f3n que pueda resultar competente. Asimismo, a los efectos arriba enunciados ser\u00e1n de exclusiva aplicaci\u00f3n las leyes de la Rep\u00fablica Argentina seg\u00fan correspondan, con exclusi\u00f3n de cualquier norma de su sistema de derecho internacional y\/o cualquier otra norma que remita a la aplicaci\u00f3n de cualquier ley extranjera, renunciando el usuario o visitante de los Sitios de El Sitio expresamente como condici\u00f3n excluyente, del acceso a los Sitios de El Sitio.<\/span><\/p>\n<p style=\"text-align: justify;\"><span style=\"font-family: verdana, geneva, sans-serif; font-size: 14pt;\">El Sitio podr\u00e1n a su sola voluntad optar por someter cualquiera de las situaciones arriba enunciadas a \u00e1rbitros, y el usuario no podr\u00e1 oponerse a esta instancia, siendo esta vinculante para ambas partes.<\/span><\/p>\n<p>[\/vc_column_text][\/vc_column_inner][\/vc_row_inner][\/vc_column][\/vc_row]<\/p>\n","protected":false},"excerpt":{"rendered":"<p>[vc_row bg_image=&#8221;74336&#8243;][vc_column][dt-space height=&#8221;200&#8243;][dt-section-title title=&#8221;POLITICAS DE PRIVACIDAD Y USO EN LA PAGINA WEB&#8221;][dt-space height=&#8221;80&#8243;][\/vc_column][\/vc_row][vc_row dt_text_scheme=&#8221;darker-overlay&#8221;][vc_column][vc_row_inner][vc_column_inner][dt-space height=&#8221;60&#8243;][vc_column_text] Resguardo de Confidencialidad y privacidad Todo intercambio de informaci\u00f3n con este Estudio, esta amparado por las normas del Secreto Profesional. 1. ESTUDIO IULIANO CONSULTORES est\u00e1 fuertemente comprometido en proteger la privacidad de los consumidores de sus productos y servicios. Queremos [&hellip;]<\/p>\n","protected":false},"author":1,"featured_media":0,"parent":0,"menu_order":0,"comment_status":"closed","ping_status":"closed","template":"template-homepage.php","meta":{"footnotes":""},"class_list":["post-74313","page","type-page","status-publish","hentry"],"_links":{"self":[{"href":"https:\/\/ic.tecnopc.com.ar\/index.php\/wp-json\/wp\/v2\/pages\/74313","targetHints":{"allow":["GET"]}}],"collection":[{"href":"https:\/\/ic.tecnopc.com.ar\/index.php\/wp-json\/wp\/v2\/pages"}],"about":[{"href":"https:\/\/ic.tecnopc.com.ar\/index.php\/wp-json\/wp\/v2\/types\/page"}],"author":[{"embeddable":true,"href":"https:\/\/ic.tecnopc.com.ar\/index.php\/wp-json\/wp\/v2\/users\/1"}],"replies":[{"embeddable":true,"href":"https:\/\/ic.tecnopc.com.ar\/index.php\/wp-json\/wp\/v2\/comments?post=74313"}],"version-history":[{"count":0,"href":"https:\/\/ic.tecnopc.com.ar\/index.php\/wp-json\/wp\/v2\/pages\/74313\/revisions"}],"wp:attachment":[{"href":"https:\/\/ic.tecnopc.com.ar\/index.php\/wp-json\/wp\/v2\/media?parent=74313"}],"curies":[{"name":"wp","href":"https:\/\/api.w.org\/{rel}","templated":true}]}}